{"id":4300,"date":"2024-08-03T11:25:00","date_gmt":"2024-08-03T11:25:00","guid":{"rendered":"https:\/\/www.daleko-blisko.edu.pl\/?page_id=4300"},"modified":"2024-09-04T19:15:09","modified_gmt":"2024-09-04T19:15:09","slug":"daleko-blisko","status":"publish","type":"page","link":"https:\/\/www.daleko-blisko.edu.pl\/index.php\/daleko-blisko\/","title":{"rendered":"DALEKO-BLISKO"},"content":{"rendered":"\t\t<div data-elementor-type=\"wp-page\" data-elementor-id=\"4300\" class=\"elementor elementor-4300\" data-elementor-post-type=\"page\">\n\t\t\t\t<div class=\"elementor-element elementor-element-0144925 e-flex e-con-boxed e-con e-parent\" data-id=\"0144925\" data-element_type=\"container\" data-e-type=\"container\">\n\t\t\t\t\t<div class=\"e-con-inner\">\n\t\t\t\t<div class=\"elementor-element elementor-element-28ec2ba elementor-widget elementor-widget-widgetkit-for-elementor-team-3\" data-id=\"28ec2ba\" data-element_type=\"widget\" data-e-type=\"widget\" data-widget_type=\"widgetkit-for-elementor-team-3.default\">\n\t\t\t\t<div class=\"elementor-widget-container\">\n\t\t\t\t\t    <div class=\"tgx-team-3\">\n        <div class=\"team-container\">\n            <!-- First Team Block -->\n            <div class=\"team-each-wrap\">\n               \n                <div class=\"team-block\">\n                    <img fetchpriority=\"high\" decoding=\"async\" width=\"1271\" height=\"1169\" src=\"https:\/\/www.daleko-blisko.edu.pl\/wp-content\/uploads\/2017\/01\/skok-w-bok-Girona-scaled-e1722684408122.jpg\" class=\"attachment-full size-full\" alt=\"\u0141apa w g\u00f3\u00ae\u0119 \" srcset=\"https:\/\/www.daleko-blisko.edu.pl\/wp-content\/uploads\/2017\/01\/skok-w-bok-Girona-scaled-e1722684408122.jpg 1271w, https:\/\/www.daleko-blisko.edu.pl\/wp-content\/uploads\/2017\/01\/skok-w-bok-Girona-scaled-e1722684408122-300x276.jpg 300w, https:\/\/www.daleko-blisko.edu.pl\/wp-content\/uploads\/2017\/01\/skok-w-bok-Girona-scaled-e1722684408122-1024x942.jpg 1024w, https:\/\/www.daleko-blisko.edu.pl\/wp-content\/uploads\/2017\/01\/skok-w-bok-Girona-scaled-e1722684408122-768x706.jpg 768w, https:\/\/www.daleko-blisko.edu.pl\/wp-content\/uploads\/2017\/01\/skok-w-bok-Girona-scaled-e1722684408122-600x552.jpg 600w\" sizes=\"(max-width: 1271px) 100vw, 1271px\" \/>  \n                    <div class=\"spin\"><\/div>             \n                <\/div>\n\n                <div class=\"team-info\">\n                    <div class=\"name\">\n                                                            \n                                <a rel=\"nofollow\"  \n                                        href=\"https:\/\/themesgrove.com\">\n                                <h4 class=\"team-title\">\u0141apa w g\u00f3\u00ae\u0119 <\/h4>\n                                <\/a>\n                                                    \n                                                    <span class=\"team-designation\">DALEKO - BLISKO<\/span>\n                                            <\/div>\n\n                                            <div class=\"team-content\">\n                            <p>W imieniu biura\u00a0&quot;Daleko-Blisko. Wyjazdy z klas\u0105&quot;, zarejestrowanego organizatora turystyki szkolnej,\u00a0proponujemy wsp\u00f3\u0142prac\u0119.\u00a0\u00a0\nJe\u015bli Pa\u0144stwa Szko\u0142a rozwa\u017ca organizacj\u0119 warto\u015bciowego wyjazdu dla uczni\u00f3w i nauczycieli, przygotujemy program od pomys\u0142u do realizacji.\u00a0\nProponujemy destynacj\u0119 i zakres tematyczny. Bierzemy pod uwag\u0119 oczekiwania i kalendarz szko\u0142y, by zakres tematyczny i termin zosta\u0142 dopasowany do \u017cycia Szko\u0142y.\n\n\n\n\nW zespole pasjonat\u00f3w podr\u00f3\u017cy, mi\u0142o\u015bnik\u00f3w nowych miejsc, \u0107wiczymy zastosowanie j\u0119zyk\u00f3w obcych w r\u00f3\u017cnych kontekstach kulturowych i chcemy tym zara\u017ca\u0107 innych. Realizujemy\u00a0wyjazdy\u00a0tematyczne, terenowe \u0107wiczenia j\u0119zykowe (hiszpa\u0144ski, w\u0142oski, angielski, niemiecki). Organizujemy wycieczki krajoznawcze, dla ciekawych, dla aktywnych. W czasach, gdzie coraz wi\u0119kszego znaczenia nabiera kontakt z r\u00f3wie\u015bnikiem i relacja znajomo\u015bci\/przyja\u017ani, proponujemy integracj\u0119,\u00a0\n\nprzygotowujemy programy wymiany uczni\u00f3w (w tradycyjnej formie pobytu w rodzinach na zasadzie wizyty i rewizyty).\u00a0\n\nW ofercie mamy programy wyjazd\u00f3w autokarowych lub samolotowych. Korzystamy r\u00f3wnie\u017c z przepraw promowych. Jeste\u015bmy otwarci na autorskie realizacje.\u00a0\n\nOd bliskich miejsc, bliskich spotka\u0144, po dalekie przygody i ciekawe wyprawy.\n\n\nDaleko-Blisko, to turystyka szkolna po\u0142\u0105czona z edukacj\u0105. W naszej pracy stawiamy na jako\u015b\u0107 starannie zaprojektowanych wyjazd\u00f3w. motywuje nas zadowolenie uczestnik\u00f3w. Dzia\u0142amy w oparciu o zaufanie naszych klient\u00f3w i partner\u00f3w. Ka\u017cdy z nich jest dla nas wyj\u0105tkowy, dlatego staramy si\u0119 odpowiada\u0107 na indywidualne potrzeby wsz\u0119dzie tam, gdzie jest to mo\u017cliwe. Personalizujemy programy wyjazdowe, podnosimy standardy wprowadzaj\u0105c innowacyjne rozwi\u0105zania. Naszym celem jest przekraczanie oczekiwa\u0144 i realizacja wyj\u0105tkowych wyjazd\u00f3w, do kt\u00f3rych ch\u0119tnie powracamy wspomnieniami. Starannie podchodzimy do ka\u017cdej kwestii, od bliskich spotka\u0144 po dalekie przygody. Daleko-Blisko, to projekt-marzenie, by odkrywa\u0107 \u015bwiat bez po\u015bpiechu i dzieli\u0107 si\u0119 tym co ciekawe. Jest to okazja do zbierania i wymiany do\u015bwiadcze\u0144, relacji, d\u017awi\u0119k\u00f3w, zapach\u00f3w i lokalnych smak\u00f3w.  \nSpecjalizujemy si\u0119 w realizacji rekreacyjnych wycieczek - przyg\u00f3d edukacyjnych \u2013 wspieraj\u0105cych cele edukacyjne i potrzeby szk\u00f3\u0142, nauczycieli i grup uczni\u00f3w. W ramach program\u00f3w dostosowanych do potrzeb i preferencji uczestnik\u00f3w realizujemy tematyczne wyjazdy: historyczne, krajoznawcze, przyrodnicze, j\u0119zykowe, kulturowe, itp. Stawiamy na interdyscyplinarno\u015b\u0107, dzi\u0119ki kt\u00f3rej budzimy ciekawo\u015b\u0107 uczestnik\u00f3w na wiele sposob\u00f3w. Opracowujemy materia\u0142y edukacyjne z informacjami o odwiedzanych miejscach, pomagaj\u0105ce zrozumie\u0107 uwarunkowania historyczno-kulturowe. \nStawiamy na zaanga\u017cowan\u0105 turystyk\u0119, na dydaktyczne wizyty w muzeach i galeriach, najcz\u0119\u015bciej z przewodnikiem lub zestawem pyta\u0144\/zada\u0144 do wykonania. Proponujemy zwiedzanie nowych miejsc w formie interaktywnych gier terenowych, w kt\u00f3rych scenariusz gry prowadzi uczestnik\u00f3w przez poszczeg\u00f3lne punkty programu wycieczki, podrzucaj\u0105c ciekawostki, wyzwania, zadania do wykonania i zagadki zwi\u0105zane z tematem wyjazdu. Zale\u017cy nam na motywowaniu uczestnik\u00f3w do odkrywania miejsc i do\u015bwiadczania lokalnej kultury.\nWsp\u00f3\u0142pracujemy ze szko\u0142ami w kraju i zagranic\u0105, z nauczycielami poszukuj\u0105cymi warto\u015bciowych wyjazd\u00f3w dla uczni\u00f3w. \nOferta skierowana jest r\u00f3wnie\u017c do rodzic\u00f3w\/opiekun\u00f3w rozwa\u017caj\u0105cych wyjazd dziecka z grup\u0105 r\u00f3wie\u015bnik\u00f3w.\n<\/p>\n                        <\/div>\n                     \n\n                                            <div class=\"team-social\">\n                                                                                                <a rel=\"nofollow\"                                    href=\"https:\/\/www.facebook.com\/dalekoblisko.wyjazdy\/\" class=\"facebook\">\n                                         <i class=\"fa fa-facebook\"><\/i>\n                                    <\/a>\n                                                                                                                                <a rel=\"nofollow\"                                    href=\"\" class=\"instagram\">\n                                         <i class=\"fa fa-instagram\"><\/i>\n                                    <\/a>\n                                                                                    <\/div>  \n                                    <\/div><!-- end .hover content -->\n            <\/div><!-- end .team wrap -->\n        <\/div><!-- end .tema container -->\n    <\/div> <!-- end .section -->\n\n    <script type=\"text\/javascript\">\n        jQuery(function($){\n            if(!$('body').hasClass('wk-team-round')){\n                $('body').addClass('wk-team-round');\n            }\n        });\n\n    <\/script>\n\t\t\t\t<\/div>\n\t\t\t\t<\/div>\n\t\t\t\t\t<\/div>\n\t\t\t\t<\/div>\n\t\t<div class=\"elementor-element elementor-element-bbabe44 e-con-full e-flex e-con e-parent\" data-id=\"bbabe44\" data-element_type=\"container\" data-e-type=\"container\">\n\t\t\t\t<div class=\"elementor-element elementor-element-3ede256 elementor-widget elementor-widget-heading\" data-id=\"3ede256\" data-element_type=\"widget\" data-e-type=\"widget\" data-widget_type=\"heading.default\">\n\t\t\t\t<div class=\"elementor-widget-container\">\n\t\t\t\t\t<h2 class=\"elementor-heading-title elementor-size-default\">NAPISZ DO NAS<\/h2>\t\t\t\t<\/div>\n\t\t\t\t<\/div>\n\t\t\t\t<div class=\"elementor-element elementor-element-42b0a78 elementor-widget elementor-widget-text-editor\" data-id=\"42b0a78\" data-element_type=\"widget\" data-e-type=\"widget\" data-widget_type=\"text-editor.default\">\n\t\t\t\t<div class=\"elementor-widget-container\">\n\t\t\t\t\t\t\t\t\t<p>Masz pytanie? Chcesz skonsultowa\u0107 program, czas realizacji i destynacj\u0119 wyjazdu?<br \/>Czekamy na Twoj\u0105 wiadomo\u015b\u0107.<\/p>\t\t\t\t\t\t\t\t<\/div>\n\t\t\t\t<\/div>\n\t\t\t\t<div class=\"elementor-element elementor-element-3b63fe8 elementor-button-align-center elementor-mobile-button-align-stretch elementor-widget elementor-widget-form\" data-id=\"3b63fe8\" data-element_type=\"widget\" data-e-type=\"widget\" data-settings=\"{&quot;step_next_label&quot;:&quot;Next&quot;,&quot;step_previous_label&quot;:&quot;Previous&quot;,&quot;button_width&quot;:&quot;100&quot;,&quot;step_type&quot;:&quot;number_text&quot;,&quot;step_icon_shape&quot;:&quot;circle&quot;}\" data-widget_type=\"form.default\">\n\t\t\t\t<div class=\"elementor-widget-container\">\n\t\t\t\t\t\t\t<form class=\"elementor-form\" method=\"post\" name=\"FORMULARZ POMAGAJ\u0104CY SPRECYZOWA\u0106 OCZEKIWANIA KLIENTA\">\n\t\t\t<input type=\"hidden\" name=\"post_id\" value=\"4300\"\/>\n\t\t\t<input type=\"hidden\" name=\"form_id\" value=\"3b63fe8\"\/>\n\t\t\t<input type=\"hidden\" name=\"referer_title\" value=\"DALEKO-BLISKO\" \/>\n\n\t\t\t\t\t\t\t<input type=\"hidden\" name=\"queried_id\" value=\"4300\"\/>\n\t\t\t\n\t\t\t<div class=\"elementor-form-fields-wrapper elementor-labels-above\">\n\t\t\t\t\t\t\t\t<div class=\"elementor-field-type-text elementor-field-group elementor-column elementor-field-group-name elementor-col-33 elementor-md-50\">\n\t\t\t\t\t\t\t\t\t\t\t\t<label for=\"form-field-name\" class=\"elementor-field-label\">\n\t\t\t\t\t\t\t\timi\u0119 i nazwisko\t\t\t\t\t\t\t<\/label>\n\t\t\t\t\t\t\t\t\t\t\t\t\t\t<input size=\"1\" type=\"text\" name=\"form_fields[name]\" id=\"form-field-name\" class=\"elementor-field elementor-size-lg  elementor-field-textual\">\n\t\t\t\t\t\t\t\t\t\t\t<\/div>\n\t\t\t\t\t\t\t\t<div class=\"elementor-field-type-tel elementor-field-group elementor-column elementor-field-group-field_0fbfb8e elementor-col-33 elementor-md-50\">\n\t\t\t\t\t\t\t\t\t\t\t\t<label for=\"form-field-field_0fbfb8e\" class=\"elementor-field-label\">\n\t\t\t\t\t\t\t\tzostaw Tw\u00f3j numer telefonu. Oddzwonimy\t\t\t\t\t\t\t<\/label>\n\t\t\t\t\t\t\t\t<input size=\"1\" type=\"tel\" name=\"form_fields[field_0fbfb8e]\" id=\"form-field-field_0fbfb8e\" class=\"elementor-field elementor-size-lg  elementor-field-textual\" pattern=\"[0-9()#&amp;+*-=.]+\" title=\"Akceptowane s\u0105 jedynie cyfry i znaki telefoniczne (#,-,*).\">\n\n\t\t\t\t\t\t<\/div>\n\t\t\t\t\t\t\t\t<div class=\"elementor-field-type-email elementor-field-group elementor-column elementor-field-group-email elementor-col-33 elementor-md-100\">\n\t\t\t\t\t\t\t\t\t\t\t\t<label for=\"form-field-email\" class=\"elementor-field-label\">\n\t\t\t\t\t\t\t\tTw\u00f3j adres mailowy\t\t\t\t\t\t\t<\/label>\n\t\t\t\t\t\t\t\t\t\t\t\t\t\t<input size=\"1\" type=\"email\" name=\"form_fields[email]\" id=\"form-field-email\" class=\"elementor-field elementor-size-lg  elementor-field-textual\">\n\t\t\t\t\t\t\t\t\t\t\t<\/div>\n\t\t\t\t\t\t\t\t<div class=\"elementor-field-type-select elementor-field-group elementor-column elementor-field-group-field_135f29d elementor-col-50\">\n\t\t\t\t\t\t\t\t\t\t\t\t<label for=\"form-field-field_135f29d\" class=\"elementor-field-label\">\n\t\t\t\t\t\t\t\tJaka destynacja wyjazdu Ci\u0119 interesuje?\t\t\t\t\t\t\t<\/label>\n\t\t\t\t\t\t\t\t<div class=\"elementor-field elementor-select-wrapper remove-before \">\n\t\t\t<div class=\"select-caret-down-wrapper\">\n\t\t\t\t<svg aria-hidden=\"true\" class=\"e-font-icon-svg e-eicon-caret-down\" viewBox=\"0 0 571.4 571.4\" xmlns=\"http:\/\/www.w3.org\/2000\/svg\"><path d=\"M571 393Q571 407 561 418L311 668Q300 679 286 679T261 668L11 418Q0 407 0 393T11 368 36 357H536Q550 357 561 368T571 393Z\"><\/path><\/svg>\t\t\t<\/div>\n\t\t\t<select name=\"form_fields[field_135f29d]\" id=\"form-field-field_135f29d\" class=\"elementor-field-textual elementor-size-lg\">\n\t\t\t\t\t\t\t\t\t<option value=\"Anglia\">Anglia<\/option>\n\t\t\t\t\t\t\t\t\t<option value=\"Szkocja\">Szkocja<\/option>\n\t\t\t\t\t\t\t\t\t<option value=\"Portugalia\">Portugalia<\/option>\n\t\t\t\t\t\t\t\t\t<option value=\"Hiszpania\">Hiszpania<\/option>\n\t\t\t\t\t\t\t\t\t<option value=\"W\u0142ochy\">W\u0142ochy<\/option>\n\t\t\t\t\t\t\t\t\t<option value=\"Malta\">Malta<\/option>\n\t\t\t\t\t\t\t\t\t<option value=\"Niemcy\">Niemcy<\/option>\n\t\t\t\t\t\t\t\t\t<option value=\"Szwajcaria\">Szwajcaria<\/option>\n\t\t\t\t\t\t\t\t\t<option value=\"Francja\">Francja<\/option>\n\t\t\t\t\t\t\t\t\t<option value=\"Rumunia\">Rumunia<\/option>\n\t\t\t\t\t\t\t\t\t<option value=\"Grecja\">Grecja<\/option>\n\t\t\t\t\t\t\t<\/select>\n\t\t<\/div>\n\t\t\t\t\t\t<\/div>\n\t\t\t\t\t\t\t\t<div class=\"elementor-field-type-select elementor-field-group elementor-column elementor-field-group-field_6c0986e elementor-col-50\">\n\t\t\t\t\t\t\t\t\t\t\t\t<label for=\"form-field-field_6c0986e\" class=\"elementor-field-label\">\n\t\t\t\t\t\t\t\tRodzaj wyjazdu:\t\t\t\t\t\t\t<\/label>\n\t\t\t\t\t\t\t\t<div class=\"elementor-field elementor-select-wrapper remove-before \">\n\t\t\t<div class=\"select-caret-down-wrapper\">\n\t\t\t\t<svg aria-hidden=\"true\" class=\"e-font-icon-svg e-eicon-caret-down\" viewBox=\"0 0 571.4 571.4\" xmlns=\"http:\/\/www.w3.org\/2000\/svg\"><path d=\"M571 393Q571 407 561 418L311 668Q300 679 286 679T261 668L11 418Q0 407 0 393T11 368 36 357H536Q550 357 561 368T571 393Z\"><\/path><\/svg>\t\t\t<\/div>\n\t\t\t<select name=\"form_fields[field_6c0986e]\" id=\"form-field-field_6c0986e\" class=\"elementor-field-textual elementor-size-lg\">\n\t\t\t\t\t\t\t\t\t<option value=\"wyjazd rekreacyjny dla grupy szkolnej\">wyjazd rekreacyjny dla grupy szkolnej<\/option>\n\t\t\t\t\t\t\t\t\t<option value=\"wyjazd edukacyjny dla grupy szkolnej (krajoznawstwo, tematyka przedmiotowa)\">wyjazd edukacyjny dla grupy szkolnej (krajoznawstwo, tematyka przedmiotowa)<\/option>\n\t\t\t\t\t\t\t\t\t<option value=\"ob\u00f3z j\u0119zykowy dla grupy szkolnej\">ob\u00f3z j\u0119zykowy dla grupy szkolnej<\/option>\n\t\t\t\t\t\t\t\t\t<option value=\"wyjazd integracyjny dla grupy szkolnej\">wyjazd integracyjny dla grupy szkolnej<\/option>\n\t\t\t\t\t\t\t\t\t<option value=\"wyjazd integracyjny dla os\u00f3b doros\u0142ych\">wyjazd integracyjny dla os\u00f3b doros\u0142ych<\/option>\n\t\t\t\t\t\t\t\t\t<option value=\"wyjazd dla grupy nauczycieli\">wyjazd dla grupy nauczycieli<\/option>\n\t\t\t\t\t\t\t\t\t<option value=\"wymiana uczni\u00f3w (wizyta i rewizyta, pobyt w rodzinach)\">wymiana uczni\u00f3w (wizyta i rewizyta, pobyt w rodzinach)<\/option>\n\t\t\t\t\t\t\t\t\t<option value=\"wyjazd na wydarzenia kulturalne lub sportowe\">wyjazd na wydarzenia kulturalne lub sportowe<\/option>\n\t\t\t\t\t\t\t<\/select>\n\t\t<\/div>\n\t\t\t\t\t\t<\/div>\n\t\t\t\t\t\t\t\t<div class=\"elementor-field-type-checkbox elementor-field-group elementor-column elementor-field-group-field_a532e6f elementor-col-50\">\n\t\t\t\t\t\t\t\t\t\t\t\t<label for=\"form-field-field_a532e6f\" class=\"elementor-field-label\">\n\t\t\t\t\t\t\t\tSugerowany termin realizacji? (miesi\u0105c)\t\t\t\t\t\t\t<\/label>\n\t\t\t\t\t\t<div class=\"elementor-field-subgroup  \"><span class=\"elementor-field-option\"><input type=\"checkbox\" value=\"stycze\u0144\" id=\"form-field-field_a532e6f-0\" name=\"form_fields[field_a532e6f][]\"> <label for=\"form-field-field_a532e6f-0\">stycze\u0144<\/label><\/span><span class=\"elementor-field-option\"><input type=\"checkbox\" value=\"luty\" id=\"form-field-field_a532e6f-1\" name=\"form_fields[field_a532e6f][]\"> <label for=\"form-field-field_a532e6f-1\">luty<\/label><\/span><span class=\"elementor-field-option\"><input type=\"checkbox\" value=\"marzec\" id=\"form-field-field_a532e6f-2\" name=\"form_fields[field_a532e6f][]\"> <label for=\"form-field-field_a532e6f-2\">marzec<\/label><\/span><span class=\"elementor-field-option\"><input type=\"checkbox\" value=\"kwiecie\u0144\" id=\"form-field-field_a532e6f-3\" name=\"form_fields[field_a532e6f][]\"> <label for=\"form-field-field_a532e6f-3\">kwiecie\u0144<\/label><\/span><span class=\"elementor-field-option\"><input type=\"checkbox\" value=\"maj\" id=\"form-field-field_a532e6f-4\" name=\"form_fields[field_a532e6f][]\"> <label for=\"form-field-field_a532e6f-4\">maj<\/label><\/span><span class=\"elementor-field-option\"><input type=\"checkbox\" value=\"czerwiec\" id=\"form-field-field_a532e6f-5\" name=\"form_fields[field_a532e6f][]\"> <label for=\"form-field-field_a532e6f-5\">czerwiec<\/label><\/span><span class=\"elementor-field-option\"><input type=\"checkbox\" value=\"lipiec\" id=\"form-field-field_a532e6f-6\" name=\"form_fields[field_a532e6f][]\"> <label for=\"form-field-field_a532e6f-6\">lipiec<\/label><\/span><span class=\"elementor-field-option\"><input type=\"checkbox\" value=\"wrzesie\u0144\" id=\"form-field-field_a532e6f-7\" name=\"form_fields[field_a532e6f][]\"> <label for=\"form-field-field_a532e6f-7\">wrzesie\u0144<\/label><\/span><span class=\"elementor-field-option\"><input type=\"checkbox\" value=\"pa\u017adziernik\" id=\"form-field-field_a532e6f-8\" name=\"form_fields[field_a532e6f][]\"> <label for=\"form-field-field_a532e6f-8\">pa\u017adziernik<\/label><\/span><span class=\"elementor-field-option\"><input type=\"checkbox\" value=\"listopad\" id=\"form-field-field_a532e6f-9\" name=\"form_fields[field_a532e6f][]\"> <label for=\"form-field-field_a532e6f-9\">listopad<\/label><\/span><span class=\"elementor-field-option\"><input type=\"checkbox\" value=\"grudzie\u0144\" id=\"form-field-field_a532e6f-10\" name=\"form_fields[field_a532e6f][]\"> <label for=\"form-field-field_a532e6f-10\">grudzie\u0144<\/label><\/span><\/div>\t\t\t\t<\/div>\n\t\t\t\t\t\t\t\t<div class=\"elementor-field-type-date elementor-field-group elementor-column elementor-field-group-field_b0fe699 elementor-col-50\">\n\t\t\t\t\t\t\t\t\t\t\t\t<label for=\"form-field-field_b0fe699\" class=\"elementor-field-label\">\n\t\t\t\t\t\t\t\tSugerowane Daty wyjazdu (zaproponuj pasuj\u0105cy Ci termin)\t\t\t\t\t\t\t<\/label>\n\t\t\t\t\t\t\n\t\t<input type=\"date\" name=\"form_fields[field_b0fe699]\" id=\"form-field-field_b0fe699\" class=\"elementor-field elementor-size-lg  elementor-field-textual elementor-date-field\" placeholder=\"wybierz dat\u0119 z kalendarza\" pattern=\"[0-9]{4}-[0-9]{2}-[0-9]{2}\">\n\t\t\t\t\t\t<\/div>\n\t\t\t\t\t\t\t\t<div class=\"elementor-field-type-textarea elementor-field-group elementor-column elementor-field-group-message elementor-col-100\">\n\t\t\t\t\t\t\t\t\t\t\t\t<label for=\"form-field-message\" class=\"elementor-field-label\">\n\t\t\t\t\t\t\t\tMiejsce na dodatkowe informacje, sugestie i pytania:\t\t\t\t\t\t\t<\/label>\n\t\t\t\t\t\t<textarea class=\"elementor-field-textual elementor-field  elementor-size-lg\" name=\"form_fields[message]\" id=\"form-field-message\" rows=\"4\" placeholder=\"Napisz Twoj\u0105 wiadomo\u015b\u0107\"><\/textarea>\t\t\t\t<\/div>\n\t\t\t\t\t\t\t\t<div class=\"elementor-field-group elementor-column elementor-field-type-submit elementor-col-100 e-form__buttons\">\n\t\t\t\t\t<button class=\"elementor-button elementor-size-sm\" type=\"submit\">\n\t\t\t\t\t\t<span class=\"elementor-button-content-wrapper\">\n\t\t\t\t\t\t\t\t\t\t\t\t\t\t\t\t\t\t\t\t\t\t<span class=\"elementor-button-text\">WY\u015aLIJ WIADDMO\u015a\u0106<\/span>\n\t\t\t\t\t\t\t\t\t\t\t\t\t<\/span>\n\t\t\t\t\t<\/button>\n\t\t\t\t<\/div>\n\t\t\t<\/div>\n\t\t<\/form>\n\t\t\t\t\t\t<\/div>\n\t\t\t\t<\/div>\n\t\t\t\t<\/div>\n\t\t\t\t<\/div>\n\t\t","protected":false},"excerpt":{"rendered":"<p>\u0141apa w g\u00f3\u00ae\u0119 DALEKO &#8211; BLISKO W imieniu biura\u00a0&quot;Daleko-Blisko. Wyjazdy z klas\u0105&quot;, zarejestrowanego organizatora turystyki szkolnej,\u00a0proponujemy wsp\u00f3\u0142prac\u0119.\u00a0\u00a0 Je\u015bli Pa\u0144stwa Szko\u0142a rozwa\u017ca organizacj\u0119 warto\u015bciowego wyjazdu dla uczni\u00f3w i nauczycieli, przygotujemy program od pomys\u0142u do realizacji.\u00a0 Proponujemy destynacj\u0119 i zakres tematyczny. Bierzemy pod uwag\u0119 oczekiwania i kalendarz szko\u0142y, by zakres tematyczny i termin zosta\u0142 dopasowany do \u017cycia [&hellip;]<\/p>\n","protected":false},"author":1,"featured_media":0,"parent":0,"menu_order":0,"comment_status":"closed","ping_status":"closed","template":"","meta":{"footnotes":""},"class_list":["post-4300","page","type-page","status-publish","hentry"],"_links":{"self":[{"href":"https:\/\/www.daleko-blisko.edu.pl\/index.php\/wp-json\/wp\/v2\/pages\/4300"}],"collection":[{"href":"https:\/\/www.daleko-blisko.edu.pl\/index.php\/wp-json\/wp\/v2\/pages"}],"about":[{"href":"https:\/\/www.daleko-blisko.edu.pl\/index.php\/wp-json\/wp\/v2\/types\/page"}],"author":[{"embeddable":true,"href":"https:\/\/www.daleko-blisko.edu.pl\/index.php\/wp-json\/wp\/v2\/users\/1"}],"replies":[{"embeddable":true,"href":"https:\/\/www.daleko-blisko.edu.pl\/index.php\/wp-json\/wp\/v2\/comments?post=4300"}],"version-history":[{"count":46,"href":"https:\/\/www.daleko-blisko.edu.pl\/index.php\/wp-json\/wp\/v2\/pages\/4300\/revisions"}],"predecessor-version":[{"id":5192,"href":"https:\/\/www.daleko-blisko.edu.pl\/index.php\/wp-json\/wp\/v2\/pages\/4300\/revisions\/5192"}],"wp:attachment":[{"href":"https:\/\/www.daleko-blisko.edu.pl\/index.php\/wp-json\/wp\/v2\/media?parent=4300"}],"curies":[{"name":"wp","href":"https:\/\/api.w.org\/{rel}","templated":true}]}}